{"id":1067,"date":"2024-09-26T10:32:20","date_gmt":"2024-09-26T08:32:20","guid":{"rendered":"https:\/\/tapintoit.org\/who-we-are\/noticias-y-publicaciones\/"},"modified":"2025-01-28T11:53:01","modified_gmt":"2025-01-28T09:53:01","slug":"noticias-y-publicaciones","status":"publish","type":"page","link":"https:\/\/tapintoit.org\/es\/who-we-are\/noticias-y-publicaciones\/","title":{"rendered":"Noticias y publicaciones"},"content":{"rendered":"\t\t<div data-elementor-type=\"wp-page\" data-elementor-id=\"1067\" class=\"elementor elementor-1067 elementor-25\" data-elementor-post-type=\"page\">\n\t\t\t\t<div class=\"elementor-element elementor-element-2da9e147 e-flex e-con-boxed e-con e-parent\" data-id=\"2da9e147\" data-element_type=\"container\" data-settings=\"{&quot;background_background&quot;:&quot;classic&quot;}\">\n\t\t\t\t\t<div class=\"e-con-inner\">\n\t\t<div class=\"elementor-element elementor-element-2f03d5c1 e-con-full title e-flex e-con e-child\" data-id=\"2f03d5c1\" data-element_type=\"container\">\n\t\t\t\t<\/div>\n\t\t\t\t\t<\/div>\n\t\t\t\t<\/div>\n\t\t<div class=\"elementor-element elementor-element-6fde362 e-flex e-con-boxed e-con e-parent\" data-id=\"6fde362\" data-element_type=\"container\">\n\t\t\t\t\t<div class=\"e-con-inner\">\n\t\t\t\t<div class=\"elementor-element elementor-element-f9d1581 elementor-grid-3 elementor-grid-tablet-2 elementor-grid-mobile-1 elementor-posts--thumbnail-top elementor-card-shadow-yes elementor-posts__hover-gradient elementor-widget elementor-widget-posts\" data-id=\"f9d1581\" data-element_type=\"widget\" data-settings=\"{&quot;pagination_type&quot;:&quot;numbers&quot;,&quot;cards_columns&quot;:&quot;3&quot;,&quot;cards_columns_tablet&quot;:&quot;2&quot;,&quot;cards_columns_mobile&quot;:&quot;1&quot;,&quot;cards_row_gap&quot;:{&quot;unit&quot;:&quot;px&quot;,&quot;size&quot;:35,&quot;sizes&quot;:[]},&quot;cards_row_gap_tablet&quot;:{&quot;unit&quot;:&quot;px&quot;,&quot;size&quot;:&quot;&quot;,&quot;sizes&quot;:[]},&quot;cards_row_gap_mobile&quot;:{&quot;unit&quot;:&quot;px&quot;,&quot;size&quot;:&quot;&quot;,&quot;sizes&quot;:[]}}\" data-widget_type=\"posts.cards\">\n\t\t\t\t<div class=\"elementor-widget-container\">\n\t\t\t\t\t\t\t<div class=\"elementor-posts-container elementor-posts elementor-posts--skin-cards elementor-grid\">\n\t\t\t\t<article class=\"elementor-post elementor-grid-item post-1170 post type-post status-publish format-standard has-post-thumbnail hentry category-servicios tag-proyectos-europeos tag-pymes tag-tap-servicios\">\n\t\t\t<div class=\"elementor-post__card\">\n\t\t\t\t<a class=\"elementor-post__thumbnail__link\" href=\"https:\/\/tapintoit.org\/es\/financiacion-en-cascada-impulsa-tu-proyecto-con-fondos-europeos\/\" tabindex=\"-1\" ><div class=\"elementor-post__thumbnail\"><img fetchpriority=\"high\" decoding=\"async\" width=\"300\" height=\"169\" src=\"https:\/\/tapintoit.org\/wp-content\/uploads\/2025\/01\/TAP-Cascade-Funding-FSTP@10x-300x169.png\" class=\"attachment-medium size-medium wp-image-1168\" alt=\"A futuristic visual representation of cascade funding, showing individuals climbing illuminated steps with symbols of innovation, funding, and growth.\" srcset=\"https:\/\/tapintoit.org\/wp-content\/uploads\/2025\/01\/TAP-Cascade-Funding-FSTP@10x-300x169.png 300w, https:\/\/tapintoit.org\/wp-content\/uploads\/2025\/01\/TAP-Cascade-Funding-FSTP@10x-1024x577.png 1024w, https:\/\/tapintoit.org\/wp-content\/uploads\/2025\/01\/TAP-Cascade-Funding-FSTP@10x-768x433.png 768w, https:\/\/tapintoit.org\/wp-content\/uploads\/2025\/01\/TAP-Cascade-Funding-FSTP@10x-1536x866.png 1536w, https:\/\/tapintoit.org\/wp-content\/uploads\/2025\/01\/TAP-Cascade-Funding-FSTP@10x-2048x1154.png 2048w\" sizes=\"(max-width: 300px) 100vw, 300px\" \/><\/div><\/a>\n\t\t\t\t<div class=\"elementor-post__badge\">Servicios<\/div>\n\t\t\t\t<div class=\"elementor-post__text\">\n\t\t\t\t<h2 class=\"elementor-post__title\">\n\t\t\t<a href=\"https:\/\/tapintoit.org\/es\/financiacion-en-cascada-impulsa-tu-proyecto-con-fondos-europeos\/\" >\n\t\t\t\tFinanciaci\u00f3n en Cascada: Impulsa tu Proyecto con Fondos Europeos\t\t\t<\/a>\n\t\t<\/h2>\n\t\t\t\t<div class=\"elementor-post__excerpt\">\n\t\t\t<p>La financiaci\u00f3n en cascada o tambi\u00e9n conocida como FTPS (Financial Support for Third Parties) es una puerta de acceso directo a los fondos europeos para<\/p>\n\t\t<\/div>\n\t\t\n\t\t<a class=\"elementor-post__read-more\" href=\"https:\/\/tapintoit.org\/es\/financiacion-en-cascada-impulsa-tu-proyecto-con-fondos-europeos\/\" aria-label=\"M\u00e1s informaci\u00f3n sobre Financiaci\u00f3n en Cascada: Impulsa tu Proyecto con Fondos Europeos\" tabindex=\"-1\" >\n\t\t\tLeer m\u00e1s \u00bb\t\t<\/a>\n\n\t\t\t\t<\/div>\n\t\t\t\t<div class=\"elementor-post__meta-data\">\n\t\t\t\t\t<span class=\"elementor-post-date\">\n\t\t\tenero 29, 2025\t\t<\/span>\n\t\t\t\t<\/div>\n\t\t\t\t\t<\/div>\n\t\t<\/article>\n\t\t\t\t<article class=\"elementor-post elementor-grid-item post-1131 post type-post status-publish format-standard has-post-thumbnail hentry category-servicios\">\n\t\t\t<div class=\"elementor-post__card\">\n\t\t\t\t<a class=\"elementor-post__thumbnail__link\" href=\"https:\/\/tapintoit.org\/es\/proyectos-idi-fondos-europeos\/\" tabindex=\"-1\" ><div class=\"elementor-post__thumbnail\"><img decoding=\"async\" width=\"300\" height=\"170\" src=\"https:\/\/tapintoit.org\/wp-content\/uploads\/2025\/01\/TAP-EU-Projects@10x-300x170.png\" class=\"attachment-medium size-medium wp-image-1117\" alt=\"A team of professionals collaborating around a table with laptops and data charts, in a modern office featuring a world map, European Union flag, and graphical displays. Text overlay reads &#039;European Projects Drafting and Management&#039; with the TAP logo at the bottom.\" srcset=\"https:\/\/tapintoit.org\/wp-content\/uploads\/2025\/01\/TAP-EU-Projects@10x-300x170.png 300w, https:\/\/tapintoit.org\/wp-content\/uploads\/2025\/01\/TAP-EU-Projects@10x-1024x579.png 1024w, https:\/\/tapintoit.org\/wp-content\/uploads\/2025\/01\/TAP-EU-Projects@10x-768x434.png 768w, https:\/\/tapintoit.org\/wp-content\/uploads\/2025\/01\/TAP-EU-Projects@10x-1536x868.png 1536w, https:\/\/tapintoit.org\/wp-content\/uploads\/2025\/01\/TAP-EU-Projects@10x-2048x1158.png 2048w\" sizes=\"(max-width: 300px) 100vw, 300px\" \/><\/div><\/a>\n\t\t\t\t<div class=\"elementor-post__badge\">Servicios<\/div>\n\t\t\t\t<div class=\"elementor-post__text\">\n\t\t\t\t<h2 class=\"elementor-post__title\">\n\t\t\t<a href=\"https:\/\/tapintoit.org\/es\/proyectos-idi-fondos-europeos\/\" >\n\t\t\t\tRedacci\u00f3n de Proyectos de I+D+i y Asesoramiento en Fondos Europeos\t\t\t<\/a>\n\t\t<\/h2>\n\t\t\t\t<div class=\"elementor-post__excerpt\">\n\t\t\t<p>\u00bfQu\u00e9 hacemos? En Tap, somos especialistas en transformar tus ideas innovadoras en proyectos s\u00f3lidos y exitosos. Te acompa\u00f1amos en todas las fases del proceso, desde<\/p>\n\t\t<\/div>\n\t\t\n\t\t<a class=\"elementor-post__read-more\" href=\"https:\/\/tapintoit.org\/es\/proyectos-idi-fondos-europeos\/\" aria-label=\"M\u00e1s informaci\u00f3n sobre Redacci\u00f3n de Proyectos de I+D+i y Asesoramiento en Fondos Europeos\" tabindex=\"-1\" >\n\t\t\tLeer m\u00e1s \u00bb\t\t<\/a>\n\n\t\t\t\t<\/div>\n\t\t\t\t<div class=\"elementor-post__meta-data\">\n\t\t\t\t\t<span class=\"elementor-post-date\">\n\t\t\tenero 23, 2025\t\t<\/span>\n\t\t\t\t<\/div>\n\t\t\t\t\t<\/div>\n\t\t<\/article>\n\t\t\t\t<article class=\"elementor-post elementor-grid-item post-1085 post type-post status-publish format-standard has-post-thumbnail hentry category-servicios tag-gestion-de-proyectos-de-idi tag-soluciones-para-picos-de-carga-de-trabajo\">\n\t\t\t<div class=\"elementor-post__card\">\n\t\t\t\t<a class=\"elementor-post__thumbnail__link\" href=\"https:\/\/tapintoit.org\/es\/rent-a-project-manager-soluciones-de-gestion-a-tu-medida\/\" tabindex=\"-1\" ><div class=\"elementor-post__thumbnail\"><img decoding=\"async\" width=\"300\" height=\"188\" src=\"https:\/\/tapintoit.org\/wp-content\/uploads\/2025\/01\/SERVICIOS-Web_-Rent-a-Project-Manager-300x188.png\" class=\"attachment-medium size-medium wp-image-1035\" alt=\"A confident project manager in a blue suit standing against a green background with charts, graphs, and diagrams, representing project management expertise.\" srcset=\"https:\/\/tapintoit.org\/wp-content\/uploads\/2025\/01\/SERVICIOS-Web_-Rent-a-Project-Manager-300x188.png 300w, https:\/\/tapintoit.org\/wp-content\/uploads\/2025\/01\/SERVICIOS-Web_-Rent-a-Project-Manager-1024x640.png 1024w, https:\/\/tapintoit.org\/wp-content\/uploads\/2025\/01\/SERVICIOS-Web_-Rent-a-Project-Manager-768x480.png 768w, https:\/\/tapintoit.org\/wp-content\/uploads\/2025\/01\/SERVICIOS-Web_-Rent-a-Project-Manager.png 1281w\" sizes=\"(max-width: 300px) 100vw, 300px\" \/><\/div><\/a>\n\t\t\t\t<div class=\"elementor-post__badge\">Servicios<\/div>\n\t\t\t\t<div class=\"elementor-post__text\">\n\t\t\t\t<h2 class=\"elementor-post__title\">\n\t\t\t<a href=\"https:\/\/tapintoit.org\/es\/rent-a-project-manager-soluciones-de-gestion-a-tu-medida\/\" >\n\t\t\t\tRent a Project Manager: Soluciones de Gesti\u00f3n a tu Medida\t\t\t<\/a>\n\t\t<\/h2>\n\t\t\t\t<div class=\"elementor-post__excerpt\">\n\t\t\t<p>\u00bfQu\u00e9 hacemos? En TAP entendemos que las organizaciones enfrentan desaf\u00edos \u00fanicos: picos de trabajo, necesidades temporales o la falta de personal especializado en momentos cr\u00edticos.<\/p>\n\t\t<\/div>\n\t\t\n\t\t<a class=\"elementor-post__read-more\" href=\"https:\/\/tapintoit.org\/es\/rent-a-project-manager-soluciones-de-gestion-a-tu-medida\/\" aria-label=\"M\u00e1s informaci\u00f3n sobre Rent a Project Manager: Soluciones de Gesti\u00f3n a tu Medida\" tabindex=\"-1\" >\n\t\t\tLeer m\u00e1s \u00bb\t\t<\/a>\n\n\t\t\t\t<\/div>\n\t\t\t\t<div class=\"elementor-post__meta-data\">\n\t\t\t\t\t<span class=\"elementor-post-date\">\n\t\t\tenero 15, 2025\t\t<\/span>\n\t\t\t\t<\/div>\n\t\t\t\t\t<\/div>\n\t\t<\/article>\n\t\t\t\t<article class=\"elementor-post elementor-grid-item post-1083 post type-post status-publish format-standard has-post-thumbnail hentry category-noticias tag-educacion-y-formacion tag-proyecto-circvet tag-proyectos-europeos tag-sostenibilidad\">\n\t\t\t<div class=\"elementor-post__card\">\n\t\t\t\t<a class=\"elementor-post__thumbnail__link\" href=\"https:\/\/tapintoit.org\/es\/tap-asiste-en-berlin-a-la-reunion-de-seguimiento-del-proyecto-circvet\/\" tabindex=\"-1\" ><div class=\"elementor-post__thumbnail\"><img loading=\"lazy\" decoding=\"async\" width=\"300\" height=\"225\" src=\"https:\/\/tapintoit.org\/wp-content\/uploads\/2024\/10\/WhatsApp-Image-2024-10-09-at-14.35.34-300x225.jpeg\" class=\"attachment-medium size-medium wp-image-996\" alt=\"Participants at the CircVET project follow-up meeting in Berlin discussing progress and planning next steps for the Circular Economy Vocational Training initiative.\" srcset=\"https:\/\/tapintoit.org\/wp-content\/uploads\/2024\/10\/WhatsApp-Image-2024-10-09-at-14.35.34-300x225.jpeg 300w, https:\/\/tapintoit.org\/wp-content\/uploads\/2024\/10\/WhatsApp-Image-2024-10-09-at-14.35.34-1024x768.jpeg 1024w, https:\/\/tapintoit.org\/wp-content\/uploads\/2024\/10\/WhatsApp-Image-2024-10-09-at-14.35.34-768x576.jpeg 768w, https:\/\/tapintoit.org\/wp-content\/uploads\/2024\/10\/WhatsApp-Image-2024-10-09-at-14.35.34-1536x1152.jpeg 1536w, https:\/\/tapintoit.org\/wp-content\/uploads\/2024\/10\/WhatsApp-Image-2024-10-09-at-14.35.34.jpeg 1600w\" sizes=\"(max-width: 300px) 100vw, 300px\" \/><\/div><\/a>\n\t\t\t\t<div class=\"elementor-post__badge\">noticias<\/div>\n\t\t\t\t<div class=\"elementor-post__text\">\n\t\t\t\t<h2 class=\"elementor-post__title\">\n\t\t\t<a href=\"https:\/\/tapintoit.org\/es\/tap-asiste-en-berlin-a-la-reunion-de-seguimiento-del-proyecto-circvet\/\" >\n\t\t\t\tTAP asiste en Berl\u00edn a la reuni\u00f3n de seguimiento del proyecto CircVET\t\t\t<\/a>\n\t\t<\/h2>\n\t\t\t\t<div class=\"elementor-post__excerpt\">\n\t\t\t<p>CircVET (Circular Economy Vocational Education and Training), un proyecto europeo dirigido por AIJU, se encuentra en su fase final, y el consorcio se reuni\u00f3 en<\/p>\n\t\t<\/div>\n\t\t\n\t\t<a class=\"elementor-post__read-more\" href=\"https:\/\/tapintoit.org\/es\/tap-asiste-en-berlin-a-la-reunion-de-seguimiento-del-proyecto-circvet\/\" aria-label=\"M\u00e1s informaci\u00f3n sobre TAP asiste en Berl\u00edn a la reuni\u00f3n de seguimiento del proyecto CircVET\" tabindex=\"-1\" >\n\t\t\tLeer m\u00e1s \u00bb\t\t<\/a>\n\n\t\t\t\t<\/div>\n\t\t\t\t<div class=\"elementor-post__meta-data\">\n\t\t\t\t\t<span class=\"elementor-post-date\">\n\t\t\toctubre 3, 2024\t\t<\/span>\n\t\t\t\t<\/div>\n\t\t\t\t\t<\/div>\n\t\t<\/article>\n\t\t\t\t<article class=\"elementor-post elementor-grid-item post-1079 post type-post status-publish format-standard has-post-thumbnail hentry category-noticias tag-proyectos-europeos tag-sostenibilidad\">\n\t\t\t<div class=\"elementor-post__card\">\n\t\t\t\t<a class=\"elementor-post__thumbnail__link\" href=\"https:\/\/tapintoit.org\/es\/tap-viaja-a-thessaloniki-grecia-en-el-marco-del-proyecto-circsyst\/\" tabindex=\"-1\" ><div class=\"elementor-post__thumbnail\"><img loading=\"lazy\" decoding=\"async\" width=\"300\" height=\"169\" src=\"https:\/\/tapintoit.org\/wp-content\/uploads\/2024\/10\/Presentacion1-300x169.jpg\" class=\"attachment-medium size-medium wp-image-995\" alt=\"TAP representative Carlos Agust\u00ed participates in the CircSyst Project General Assembly in Thessaloniki, supporting coordination and knowledge transfer initiatives.\" srcset=\"https:\/\/tapintoit.org\/wp-content\/uploads\/2024\/10\/Presentacion1-300x169.jpg 300w, https:\/\/tapintoit.org\/wp-content\/uploads\/2024\/10\/Presentacion1-1024x576.jpg 1024w, https:\/\/tapintoit.org\/wp-content\/uploads\/2024\/10\/Presentacion1-768x432.jpg 768w, https:\/\/tapintoit.org\/wp-content\/uploads\/2024\/10\/Presentacion1.jpg 1280w\" sizes=\"(max-width: 300px) 100vw, 300px\" \/><\/div><\/a>\n\t\t\t\t<div class=\"elementor-post__badge\">noticias<\/div>\n\t\t\t\t<div class=\"elementor-post__text\">\n\t\t\t\t<h2 class=\"elementor-post__title\">\n\t\t\t<a href=\"https:\/\/tapintoit.org\/es\/tap-viaja-a-thessaloniki-grecia-en-el-marco-del-proyecto-circsyst\/\" >\n\t\t\t\tTAP viaja a Thessaloniki (Grecia) en el marco del proyecto CircSyst\t\t\t<\/a>\n\t\t<\/h2>\n\t\t\t\t<div class=\"elementor-post__excerpt\">\n\t\t\t<p>Los pr\u00f3ximos d\u00edas 5, 6 y 7 de noviembre, el CERTH (Centro Hel\u00e9nico de Investigaci\u00f3n y Tecnolog\u00eda) acoger\u00e1 la Asamblea General del Proyecto Europeo CircSyst.<\/p>\n\t\t<\/div>\n\t\t\n\t\t<a class=\"elementor-post__read-more\" href=\"https:\/\/tapintoit.org\/es\/tap-viaja-a-thessaloniki-grecia-en-el-marco-del-proyecto-circsyst\/\" aria-label=\"M\u00e1s informaci\u00f3n sobre TAP viaja a Thessaloniki (Grecia) en el marco del proyecto CircSyst\" tabindex=\"-1\" >\n\t\t\tLeer m\u00e1s \u00bb\t\t<\/a>\n\n\t\t\t\t<\/div>\n\t\t\t\t<div class=\"elementor-post__meta-data\">\n\t\t\t\t\t<span class=\"elementor-post-date\">\n\t\t\toctubre 3, 2024\t\t<\/span>\n\t\t\t\t<\/div>\n\t\t\t\t\t<\/div>\n\t\t<\/article>\n\t\t\t\t<\/div>\n\t\t\n\t\t\t\t\t\t<\/div>\n\t\t\t\t<\/div>\n\t\t\t\t\t<\/div>\n\t\t\t\t<\/div>\n\t\t\t\t<\/div>\n\t\t","protected":false},"excerpt":{"rendered":"","protected":false},"author":1,"featured_media":0,"parent":1011,"menu_order":0,"comment_status":"closed","ping_status":"closed","template":"","meta":{"footnotes":""},"class_list":["post-1067","page","type-page","status-publish","hentry"],"yoast_head":"<!-- This site is optimized with the Yoast SEO plugin v24.4 - https:\/\/yoast.com\/wordpress\/plugins\/seo\/ -->\n<title>Noticias y publicaciones - TAP Into It<\/title>\n<meta name=\"robots\" content=\"index, follow, max-snippet:-1, max-image-preview:large, max-video-preview:-1\" \/>\n<link rel=\"canonical\" href=\"https:\/\/tapintoit.org\/es\/who-we-are\/noticias-y-publicaciones\/\" \/>\n<meta property=\"og:locale\" content=\"es_ES\" \/>\n<meta property=\"og:type\" content=\"article\" \/>\n<meta property=\"og:title\" content=\"Noticias y publicaciones - TAP Into It\" \/>\n<meta property=\"og:url\" content=\"https:\/\/tapintoit.org\/es\/who-we-are\/noticias-y-publicaciones\/\" \/>\n<meta property=\"og:site_name\" content=\"TAP Into It\" \/>\n<meta property=\"article:modified_time\" content=\"2025-01-28T09:53:01+00:00\" \/>\n<meta name=\"twitter:card\" content=\"summary_large_image\" \/>\n<meta name=\"twitter:label1\" content=\"Tiempo de lectura\" \/>\n\t<meta name=\"twitter:data1\" content=\"3 minutos\" \/>\n<script type=\"application\/ld+json\" class=\"yoast-schema-graph\">{\"@context\":\"https:\/\/schema.org\",\"@graph\":[{\"@type\":\"WebPage\",\"@id\":\"https:\/\/tapintoit.org\/es\/who-we-are\/noticias-y-publicaciones\/\",\"url\":\"https:\/\/tapintoit.org\/es\/who-we-are\/noticias-y-publicaciones\/\",\"name\":\"Noticias y publicaciones - TAP Into It\",\"isPartOf\":{\"@id\":\"https:\/\/tapintoit.org\/es\/#website\"},\"datePublished\":\"2024-09-26T08:32:20+00:00\",\"dateModified\":\"2025-01-28T09:53:01+00:00\",\"breadcrumb\":{\"@id\":\"https:\/\/tapintoit.org\/es\/who-we-are\/noticias-y-publicaciones\/#breadcrumb\"},\"inLanguage\":\"es\",\"potentialAction\":[{\"@type\":\"ReadAction\",\"target\":[\"https:\/\/tapintoit.org\/es\/who-we-are\/noticias-y-publicaciones\/\"]}]},{\"@type\":\"BreadcrumbList\",\"@id\":\"https:\/\/tapintoit.org\/es\/who-we-are\/noticias-y-publicaciones\/#breadcrumb\",\"itemListElement\":[{\"@type\":\"ListItem\",\"position\":1,\"name\":\"Home\",\"item\":\"https:\/\/tapintoit.org\/es\/home\/\"},{\"@type\":\"ListItem\",\"position\":2,\"name\":\"Who we are\",\"item\":\"https:\/\/tapintoit.org\/es\/who-we-are\/\"},{\"@type\":\"ListItem\",\"position\":3,\"name\":\"Noticias y publicaciones\"}]},{\"@type\":\"WebSite\",\"@id\":\"https:\/\/tapintoit.org\/es\/#website\",\"url\":\"https:\/\/tapintoit.org\/es\/\",\"name\":\"TAP Into It\",\"description\":\"\",\"publisher\":{\"@id\":\"https:\/\/tapintoit.org\/es\/#organization\"},\"potentialAction\":[{\"@type\":\"SearchAction\",\"target\":{\"@type\":\"EntryPoint\",\"urlTemplate\":\"https:\/\/tapintoit.org\/es\/?s={search_term_string}\"},\"query-input\":{\"@type\":\"PropertyValueSpecification\",\"valueRequired\":true,\"valueName\":\"search_term_string\"}}],\"inLanguage\":\"es\"},{\"@type\":\"Organization\",\"@id\":\"https:\/\/tapintoit.org\/es\/#organization\",\"name\":\"TAP Into It\",\"url\":\"https:\/\/tapintoit.org\/es\/\",\"logo\":{\"@type\":\"ImageObject\",\"inLanguage\":\"es\",\"@id\":\"https:\/\/tapintoit.org\/es\/#\/schema\/logo\/image\/\",\"url\":\"https:\/\/tapintoit.org\/wp-content\/uploads\/2024\/09\/tap-logo-2.svg\",\"contentUrl\":\"https:\/\/tapintoit.org\/wp-content\/uploads\/2024\/09\/tap-logo-2.svg\",\"width\":4966,\"height\":1042,\"caption\":\"TAP Into It\"},\"image\":{\"@id\":\"https:\/\/tapintoit.org\/es\/#\/schema\/logo\/image\/\"},\"sameAs\":[\"https:\/\/www.linkedin.com\/company\/technology-assessment-and-promotion\/?viewAsMember=true\"]}]}<\/script>\n<!-- \/ Yoast SEO plugin. -->","yoast_head_json":{"title":"Noticias y publicaciones - TAP Into It","robots":{"index":"index","follow":"follow","max-snippet":"max-snippet:-1","max-image-preview":"max-image-preview:large","max-video-preview":"max-video-preview:-1"},"canonical":"https:\/\/tapintoit.org\/es\/who-we-are\/noticias-y-publicaciones\/","og_locale":"es_ES","og_type":"article","og_title":"Noticias y publicaciones - TAP Into It","og_url":"https:\/\/tapintoit.org\/es\/who-we-are\/noticias-y-publicaciones\/","og_site_name":"TAP Into It","article_modified_time":"2025-01-28T09:53:01+00:00","twitter_card":"summary_large_image","twitter_misc":{"Tiempo de lectura":"3 minutos"},"schema":{"@context":"https:\/\/schema.org","@graph":[{"@type":"WebPage","@id":"https:\/\/tapintoit.org\/es\/who-we-are\/noticias-y-publicaciones\/","url":"https:\/\/tapintoit.org\/es\/who-we-are\/noticias-y-publicaciones\/","name":"Noticias y publicaciones - TAP Into It","isPartOf":{"@id":"https:\/\/tapintoit.org\/es\/#website"},"datePublished":"2024-09-26T08:32:20+00:00","dateModified":"2025-01-28T09:53:01+00:00","breadcrumb":{"@id":"https:\/\/tapintoit.org\/es\/who-we-are\/noticias-y-publicaciones\/#breadcrumb"},"inLanguage":"es","potentialAction":[{"@type":"ReadAction","target":["https:\/\/tapintoit.org\/es\/who-we-are\/noticias-y-publicaciones\/"]}]},{"@type":"BreadcrumbList","@id":"https:\/\/tapintoit.org\/es\/who-we-are\/noticias-y-publicaciones\/#breadcrumb","itemListElement":[{"@type":"ListItem","position":1,"name":"Home","item":"https:\/\/tapintoit.org\/es\/home\/"},{"@type":"ListItem","position":2,"name":"Who we are","item":"https:\/\/tapintoit.org\/es\/who-we-are\/"},{"@type":"ListItem","position":3,"name":"Noticias y publicaciones"}]},{"@type":"WebSite","@id":"https:\/\/tapintoit.org\/es\/#website","url":"https:\/\/tapintoit.org\/es\/","name":"TAP Into It","description":"","publisher":{"@id":"https:\/\/tapintoit.org\/es\/#organization"},"potentialAction":[{"@type":"SearchAction","target":{"@type":"EntryPoint","urlTemplate":"https:\/\/tapintoit.org\/es\/?s={search_term_string}"},"query-input":{"@type":"PropertyValueSpecification","valueRequired":true,"valueName":"search_term_string"}}],"inLanguage":"es"},{"@type":"Organization","@id":"https:\/\/tapintoit.org\/es\/#organization","name":"TAP Into It","url":"https:\/\/tapintoit.org\/es\/","logo":{"@type":"ImageObject","inLanguage":"es","@id":"https:\/\/tapintoit.org\/es\/#\/schema\/logo\/image\/","url":"https:\/\/tapintoit.org\/wp-content\/uploads\/2024\/09\/tap-logo-2.svg","contentUrl":"https:\/\/tapintoit.org\/wp-content\/uploads\/2024\/09\/tap-logo-2.svg","width":4966,"height":1042,"caption":"TAP Into It"},"image":{"@id":"https:\/\/tapintoit.org\/es\/#\/schema\/logo\/image\/"},"sameAs":["https:\/\/www.linkedin.com\/company\/technology-assessment-and-promotion\/?viewAsMember=true"]}]}},"_links":{"self":[{"href":"https:\/\/tapintoit.org\/es\/wp-json\/wp\/v2\/pages\/1067","targetHints":{"allow":["GET"]}}],"collection":[{"href":"https:\/\/tapintoit.org\/es\/wp-json\/wp\/v2\/pages"}],"about":[{"href":"https:\/\/tapintoit.org\/es\/wp-json\/wp\/v2\/types\/page"}],"author":[{"embeddable":true,"href":"https:\/\/tapintoit.org\/es\/wp-json\/wp\/v2\/users\/1"}],"replies":[{"embeddable":true,"href":"https:\/\/tapintoit.org\/es\/wp-json\/wp\/v2\/comments?post=1067"}],"version-history":[{"count":7,"href":"https:\/\/tapintoit.org\/es\/wp-json\/wp\/v2\/pages\/1067\/revisions"}],"predecessor-version":[{"id":1137,"href":"https:\/\/tapintoit.org\/es\/wp-json\/wp\/v2\/pages\/1067\/revisions\/1137"}],"up":[{"embeddable":true,"href":"https:\/\/tapintoit.org\/es\/wp-json\/wp\/v2\/pages\/1011"}],"wp:attachment":[{"href":"https:\/\/tapintoit.org\/es\/wp-json\/wp\/v2\/media?parent=1067"}],"curies":[{"name":"wp","href":"https:\/\/api.w.org\/{rel}","templated":true}]}}